{"id":18,"date":"2015-06-09T16:28:28","date_gmt":"2015-06-09T14:28:28","guid":{"rendered":"http:\/\/www.cdmy.org\/?page_id=18"},"modified":"2026-02-21T11:00:53","modified_gmt":"2026-02-21T10:00:53","slug":"onglet-4","status":"publish","type":"page","link":"https:\/\/www.cdmy.org\/?page_id=18","title":{"rendered":"Num\u00e9ros sp\u00e9ciaux"},"content":{"rendered":"<h4>Les Chroniques Nouvelles Chroniques<\/h4>\n<p><span class=\"issue\"><strong>Num\u00e9ro sp\u00e9cial\/\/Special issue 4, 2025<a name=\"cmyhs04\"><\/a><\/strong><\/span><\/p>\n<h3>Y\u00e9men \u2013 p\u00e9ninsule Arabique. Histoires de Sciences et de Techniques\/Yemen \u2013 Arabian Peninsula. The history and histories of Sciences and Techniques<br \/>\nMise en ligne 1\/Installment 1<\/h3>\n<p><strong>Anne Regourd <\/strong> (\u00e9d.\/ed.) Sommaire \/ Table of Contents.<\/p>\n<p><a href=\"https:\/\/www.cdmy.org\/cmyhs\/cmyhs04.pdf\">Le num\u00e9ro complet<\/a> (format pdf)<\/p>\n<ul class=\"contents2\">\n<li><strong>Zsuzsanna Csorba<\/strong> (Avicenna Institute of Middle Eastern Studies (Piliscsaba, Hungary))<br \/>\nA Travel Regimen from the Rasulid Yemen. Arabic Text, English Translation, and Commentary, p. 1<\/li>\n<li><strong>Giovanni Canova<\/strong> (University of Naples \u201cL\u2019Orientale\u201d)<br \/>\nThree Studies on Bees and Honey. Traditional Beekeeping in Yemen and Oman, p. 53<\/li>\n<li><strong>Tom Fogel<\/strong> (The Hebrew University of Jerusalem)<br \/>\nJewish Magic in 17th century Yemen. A premiminary examination of Shalom (S\u0101lim) al-\u0160abaz\u012b&#8217;s amulet book, p. 107<\/li>\n<\/ul>\n<p><span class=\"issue\"><strong>Num\u00e9ro sp\u00e9cial\/\/Special issue 3, 2021<a name=\"cmyhs03\"><\/a><\/strong><\/span><\/p>\n<h3>The Arabian Peninsula. The Birth of Traditions Installment 1 of 2<\/h3>\n<p><strong>Corrado la Martire<\/strong> (Guest ed.)<\/p>\n<p>Table des mati\u00e8res<\/p>\n<p><a href=\"https:\/\/www.cdmy.org\/cmyhs\/cmyhs03.pdf\">Le num\u00e9ro complet<\/a> (format pdf)<\/p>\n<ul class=\"contents2\">\n<li><strong>Valerie J. Hoffman<\/strong> (<strong>Professor Emerita, University of Illinois<\/strong>). The Development of an Ib\u0101\u1e0d\u012b Textual Tradition in the Arabian Peninsula, p. 5<\/li>\n<li><strong>Yohei Kondo<\/strong> (<strong>The University of Tokyo<\/strong>). Transmission of Knowledge among the Ib\u0101\u1e0d\u012bs in Oman: Ibn Baraka\u2019s Notebook (<em>taqy\u012bd<\/em>) and Its Circulation, p. 38<\/li>\n<li><strong>Paul M. Love, Jr.<\/strong> (<strong>Al Akhawayn University<\/strong>). Omani books &amp; their Maghribi readers: Ib\u0101\u1e0d\u012b textual exchanges in Ottoman Cairo, p. 60<\/li>\n<\/ul>\n<p><span class=\"issue\"><strong>Num\u00e9ro sp\u00e9cial\/\/Special issue 2, 2018<a name=\"cmyhs02\"><\/a><\/strong><\/span><\/p>\n<h3>Robert Bertram Serjeant (1915-1933). \u00c9cosse-Y\u00e9men<\/h3>\n<p>Edit\u00e9 par <strong>Anne Regourd<\/strong><\/p>\n<p>Table des mati\u00e8res<\/p>\n<p><a href=\"https:\/\/www.cdmy.org\/cmyhs\/cmyhs02.pdf\">Le num\u00e9ro complet<\/a> (format pdf)<\/p>\n<ul class=\"contents2\">\n<li><strong>Anne Regourd<\/strong> (CNRS, UMR 7192). Vingt-cinq ans apr\u00e8s : Hommage \u00e0 Robert Bertram Serjeant (1915-1993). L\u2019homme et ses archives<\/li>\n<li><strong>Aline Brodin<\/strong> (Cataloguing archivist, Special Collections, University of Edinburgh). An overview of the Robert Bertram Serjeant Collections at the University of Edinburgh Main Library<\/li>\n<li><strong>Ronald Lewcock<\/strong> (UNESCO consultant on architecture in the Yemen). Three Medieval Mosques in the Yemen: architecture, art, and sources <a href=\"https:\/\/www.cdmy.org\/cmyhs\/cmyhs02\/RL\/\">Plates and photographs<\/a><\/li>\n<li><strong>Philippe Proven\u00e7al<\/strong> (Natural History Museum of Denmark). La question des noms d\u2019esp\u00e8ces de poissons en arabe : la liste de Robert Bertram Serjeant<\/li>\n<li><strong>Mikhail Rodionov<\/strong> (Peter-the-Great Museum of Anthropology and Ethnography, St. Petersburg State University, Russia). Ib\u0101\u1e0d\u012bs in the written-oral tradition of modern \u1e24a\u1e0dramawt<\/li>\n<li><strong>G. Rex Smith<\/strong> (University of Leeds). Two literary mixed Arabic texts from the Yemen<\/li>\n<\/ul>\n<p><span class=\"issue\"><strong>Num\u00e9ro sp\u00e9cial\/\/Special issue 1, 2017-2018<a name=\"cmyhs01\"><\/a><\/strong><\/span><\/p>\n<h3>From Mountain to Mountain: Exchange between Yemen and Ethiopia, Medieval to Modern<\/h3>\n<p>Edited by<strong>\u00a0Anne Regourd<\/strong> (University of Copenhagen)\u00a0&amp; <strong>Nancy Um<\/strong> (Binghamton University)<\/p>\n<p>Recently, scholars have been committed to studying exchanges, particularly commercial ones, across and around the rims of the Red Sea. While these connections have involved Yemen and the Horn of Africa centrally, they have rarely penetrated beyond the scope of the coasts. In this special volume, scholars consider the long history of interfaces between Yemen and Ethiopia, thus moving into the landed interior. These papers explore linguistic, diplomatic, commercial, and technological exchanges and provide evidence, albeit sometimes scanty, for movements and associations that extend from mountain to mountain, rather than simply from coast to coast. The authors rely upon an array of diverse sources, including historical chronicles and glossaries, firsthand interviews, newspapers, letters from private archives, and material culture.<\/p>\n<p>Table des mati\u00e8res<\/p>\n<p><a href=\"https:\/\/www.cdmy.org\/cmyhs\/cmyhs01.pdf\">Le num\u00e9ro complet<\/a> (format pdf)<\/p>\n<ul class=\"contents2\">\n<li><strong>Maria Bulakh<\/strong> (Russian State University for the Humanities), \u201cAl-Malik al-Af\u1e0dal\u2019s 14th century \u2018Arabic-Ethiopic Glossary\u2019 as an attempt at language documentation\u201d<\/li>\n<li><strong>Yasuyuki Kuriyama<\/strong> (Chuo University), \u201cYemen\u2019s Relations with Ethiopia in the Seventeenth Century and the Situation in the Red Sea\u201d<\/li>\n<li><strong>Dominique Harre<\/strong> (Independent Researcher, CFEE), \u201cExchanges and mobility in the Western Indian Ocean: Indians between Yemen and Ethiopia, 19th\u201320th centuries\u201d<\/li>\n<li><strong>Tamon Baba<\/strong> (Kyushu University), &#8220;Notes on Migration between Yemen and Northeast Africa during the 13\u201315th Centuries&#8221;<\/li>\n<li><strong>Anne Regourd<\/strong> (Universit\u00e9 de Copenhague, ERC \u00ab Islam in the Horn of Africa \u00bb), &#8220;Mission Dakar-Djibouti : la bo\u00eete oubli\u00e9e. I. Un inventaire de la Mosqu\u00e9e de Gondar (ms. BnF Ar. 7337 (7))&#8221;<\/li>\n<li><strong>Menashe Anzi<\/strong> (Ben-Gurion University of the Negev), &#8220;Yemen, Ethiopia, Eritrea and Israel: Jewish Immigration in 1962&#8221;<\/li>\n<li><strong>Nancy Um<\/strong> (Binghamton University) &amp; <strong>Anne Regourd<\/strong> (Copenhagen University), &#8220;&#8216;From Mountain to Mountain&#8217;: An Epilogue&#8221;<\/li>\n<\/ul>\n<p>&nbsp;<\/p>\n","protected":false},"excerpt":{"rendered":"<p>Les Chroniques Nouvelles Chroniques Num\u00e9ro sp\u00e9cial\/\/Special issue 4, 2025 Y\u00e9men \u2013 p\u00e9ninsule Arabique. Histoires de Sciences et de Techniques\/Yemen \u2013 Arabian Peninsula. The history and histories of Sciences and Techniques Mise en ligne 1\/Installment 1 Anne Regourd (\u00e9d.\/ed.) Sommaire \/ Table of Contents. Le num\u00e9ro complet (format pdf) Zsuzsanna Csorba (Avicenna Institute of Middle Eastern<\/p>\n<p><a class=\"read-more\" href=\"https:\/\/www.cdmy.org\/?page_id=18\">Read More<\/a><\/p>\n","protected":false},"author":1,"featured_media":0,"parent":0,"menu_order":0,"comment_status":"closed","ping_status":"closed","template":"","meta":{"footnotes":""},"class_list":["post-18","page","type-page","status-publish","hentry"],"_links":{"self":[{"href":"https:\/\/www.cdmy.org\/index.php?rest_route=\/wp\/v2\/pages\/18","targetHints":{"allow":["GET"]}}],"collection":[{"href":"https:\/\/www.cdmy.org\/index.php?rest_route=\/wp\/v2\/pages"}],"about":[{"href":"https:\/\/www.cdmy.org\/index.php?rest_route=\/wp\/v2\/types\/page"}],"author":[{"embeddable":true,"href":"https:\/\/www.cdmy.org\/index.php?rest_route=\/wp\/v2\/users\/1"}],"replies":[{"embeddable":true,"href":"https:\/\/www.cdmy.org\/index.php?rest_route=%2Fwp%2Fv2%2Fcomments&post=18"}],"version-history":[{"count":38,"href":"https:\/\/www.cdmy.org\/index.php?rest_route=\/wp\/v2\/pages\/18\/revisions"}],"predecessor-version":[{"id":1332,"href":"https:\/\/www.cdmy.org\/index.php?rest_route=\/wp\/v2\/pages\/18\/revisions\/1332"}],"wp:attachment":[{"href":"https:\/\/www.cdmy.org\/index.php?rest_route=%2Fwp%2Fv2%2Fmedia&parent=18"}],"curies":[{"name":"wp","href":"https:\/\/api.w.org\/{rel}","templated":true}]}}