{"id":186,"date":"2016-01-03T19:50:15","date_gmt":"2016-01-03T18:50:15","guid":{"rendered":"http:\/\/www.cdmy.org\/?page_id=186"},"modified":"2025-11-08T13:01:22","modified_gmt":"2025-11-08T12:01:22","slug":"comite","status":"publish","type":"page","link":"https:\/\/www.cdmy.org\/?page_id=186","title":{"rendered":"Comit\u00e9s et Correspondants"},"content":{"rendered":"<h4>Comit\u00e9 de r\u00e9daction<\/h4>\n<p><strong>Tamon Baba<\/strong> (Ritsumeikan University, Japon)<br \/>\n<strong>Anne Regourd<\/strong><br \/>\n<strong>Mohammad Tawaf<\/strong> (\u00c9cole nationale des Chartes-PSL)<br \/>\n<strong>Alexander Weissenburger<\/strong> (\u00d6sterreichische Akademie der Wissenschaften,Vienna)<\/p>\n<div class=\"page\" title=\"Page 2\">\n<div class=\"layoutArea\">\n<div class=\"column\">\n<h4>Revue de presse<\/h4>\n<\/div>\n<\/div>\n<\/div>\n<div class=\"page\" title=\"Page 2\">\n<div class=\"layoutArea\">\n<div class=\"column\">\n<p class=\"p1\"><strong>Koen J<span class=\"s1\">anssen <\/span><\/strong>(Leiden University, Pays-Bas)<\/p>\n<\/div>\n<\/div>\n<\/div>\n<h4>Conseil de r\u00e9daction<\/h4>\n<p><strong>Geoffrey Khan<\/strong>\u00a0(Faculty of Asian and Middle Eastern Studies, Universit\u00e9 de Cambridge (GB))<br \/>\n<strong>Martha M. Mundy<\/strong>\u00a0(The London School of Economics and Political Science)<br \/>\n<strong>Jan Rets\u00f6<\/strong>\u00a0(Universit\u00e9 de Gothenburg, D\u00e9pt de langues et litt\u00e9ratures, Su\u00e8de)<br \/>\n<strong>Sabine Schmidtke<\/strong>\u00a0(Institute for Advanced Study, Princeton)<\/p>\n<h4>Correspondants<\/h4>\n<p><strong>Tamon Baba<\/strong>\u00a0(Ritsumeikan University, Japon)<br \/>\n<strong>Abdullah Yahya Al Surayhi<\/strong> (Abu Dhabi University, National Library)<\/p>\n<h4>Comit\u00e9 de lecture<\/h4>\n<p><strong>Parappu Kadavath Matra Abdul Jaleel<\/strong> (Asia Research Institute, National University of Singapore)<br \/>\n<strong>Bernard Haykel<\/strong> (Department of Near Eastern Studies, Princeton University)<br \/>\n<strong>Michaela Hoffman-Ruf<\/strong> (Orientabteilung, Staatsbibliothek zu Berlin)<br \/>\n<strong>Scott C. Lucas<\/strong> (School of Middle Eastern and North African Studies, University of Arizona)<br \/>\n<strong>Clifford B. Messich<\/strong> (Columbia University)<br \/>\n<strong>Christoph Rauch<\/strong> (Orientabteilung, Staatsbibliothek zu Berlin)<\/p>\n<p>&nbsp;<\/p>\n","protected":false},"excerpt":{"rendered":"<p>Comit\u00e9 de r\u00e9daction Tamon Baba (Ritsumeikan University, Japon) Anne Regourd Mohammad Tawaf (\u00c9cole nationale des Chartes-PSL) Alexander Weissenburger (\u00d6sterreichische Akademie der Wissenschaften,Vienna) Revue de presse Koen Janssen (Leiden University, Pays-Bas) Conseil de r\u00e9daction Geoffrey Khan\u00a0(Faculty of Asian and Middle Eastern Studies, Universit\u00e9 de Cambridge (GB)) Martha M. Mundy\u00a0(The London School of Economics and Political Science)<\/p>\n<p><a class=\"read-more\" href=\"https:\/\/www.cdmy.org\/?page_id=186\">Read More<\/a><\/p>\n","protected":false},"author":1,"featured_media":0,"parent":14,"menu_order":0,"comment_status":"closed","ping_status":"closed","template":"","meta":{"footnotes":""},"class_list":["post-186","page","type-page","status-publish","hentry"],"_links":{"self":[{"href":"https:\/\/www.cdmy.org\/index.php?rest_route=\/wp\/v2\/pages\/186","targetHints":{"allow":["GET"]}}],"collection":[{"href":"https:\/\/www.cdmy.org\/index.php?rest_route=\/wp\/v2\/pages"}],"about":[{"href":"https:\/\/www.cdmy.org\/index.php?rest_route=\/wp\/v2\/types\/page"}],"author":[{"embeddable":true,"href":"https:\/\/www.cdmy.org\/index.php?rest_route=\/wp\/v2\/users\/1"}],"replies":[{"embeddable":true,"href":"https:\/\/www.cdmy.org\/index.php?rest_route=%2Fwp%2Fv2%2Fcomments&post=186"}],"version-history":[{"count":26,"href":"https:\/\/www.cdmy.org\/index.php?rest_route=\/wp\/v2\/pages\/186\/revisions"}],"predecessor-version":[{"id":1184,"href":"https:\/\/www.cdmy.org\/index.php?rest_route=\/wp\/v2\/pages\/186\/revisions\/1184"}],"up":[{"embeddable":true,"href":"https:\/\/www.cdmy.org\/index.php?rest_route=\/wp\/v2\/pages\/14"}],"wp:attachment":[{"href":"https:\/\/www.cdmy.org\/index.php?rest_route=%2Fwp%2Fv2%2Fmedia&parent=186"}],"curies":[{"name":"wp","href":"https:\/\/api.w.org\/{rel}","templated":true}]}}