{"id":194,"date":"2016-01-03T21:05:47","date_gmt":"2016-01-03T20:05:47","guid":{"rendered":"http:\/\/www.cdmy.org\/?page_id=194"},"modified":"2020-01-31T00:03:00","modified_gmt":"2020-01-30T23:03:00","slug":"committees-and-correspondents","status":"publish","type":"page","link":"https:\/\/www.cdmy.org\/?page_id=194","title":{"rendered":"Committees and Correspondents"},"content":{"rendered":"<h4>Editorial Committee<\/h4>\n<p><strong>Anne Regourd<\/strong> (CNRS, UMR 7192)<br \/>\n<strong>Baba Tamon<\/strong>\u00a0(Assistant Professor, University of\u00a0Kyushu, Japan)<br \/>\nDr. <strong>Adday Hernandez-Lopez<\/strong>,\u00a0Instituto de Lenguas y Culturas del Mediterr\u00e1neo y Oriente Pr\u00f3ximo, Consejo Superior de Investigaciones Cient\u00edficas (ILC-CSIC)<\/p>\n<h4>Advisory Committee<\/h4>\n<p><strong>Geoffrey Khan<\/strong>\u00a0(Faculty of Asian and Middle Eastern Studies, University of\u00a0Cambridge (GB))<br \/>\n<strong>Martha M. Mundy<\/strong>\u00a0(The London School of Economics and Political Science, Department of Anthropology)<br \/>\n<strong>Jan Rets\u00f6<\/strong>\u00a0(University of Gothenburg, Department of Languages and Literatures, Sweden)<br \/>\n<strong>Sabine Schmidtke<\/strong>\u00a0(Institute for Advanced Study, Princeton)<\/p>\n<h4>Correspondents<\/h4>\n<p><strong>Tamon Baba<\/strong>\u00a0(Assistant Professor, University of\u00a0Kyushu, Japan), Japan<br \/>\n<strong>Deborah Freeman-Fahid<\/strong> (FRAS, Assistant Conservateur, Dir. de publication, The al-Sabah Collection, Dar al-Athar al-Islamiyyah, Kuwe\u00eft)<br \/>\n<strong>St\u00e9phane Ipert<\/strong>\u00a0(Head of\u00a0Preservation &amp; Conservation, Qatar National Library)<br \/>\n<strong>Abdullah Yahya Al Surayhi<\/strong>, (Manuscripts Researcher, University of\u00a0Abu Dhabi, Manuscripts Researcher, National Library, Abu Dhabi)<\/p>\n<h4>Reading Committee<\/h4>\n<p><strong>Hassan F. Ansari<\/strong> (Institute for Advanced Study, Princeton)<br \/>\n<strong>Anne K. Bang<\/strong> (University of Bergen, Norway)<br \/>\n<strong>Marco di Bella<\/strong> (Independent researcher, Conservation\/restoration\u00a0of Arabic manuscripts)<br \/>\n<strong>Deborah Freeman Fahid<\/strong> (FRAS, Assistant Curator and Head of Publications, The al-Sabah Collection, Dar al-Athar al-Islamiyyah, Kuwait)<br \/>\n<strong>David Hirsch<\/strong>\u00a0(Librarian for Middle Eastern and Islamic Studies, Charles E Young Research Library. UCLA)<br \/>\n<strong>Michaela Hoffmann-Ruf<\/strong> (University of T\u00fcbingen)<br \/>\n<strong>Clifford Brinckley Messick<\/strong> (University of Colombia)<br \/>\n<strong>Samer Traboulsi<\/strong> (University of Asheville, North Carolina)<\/p>\n","protected":false},"excerpt":{"rendered":"<p>Editorial Committee Anne Regourd (CNRS, UMR 7192) Baba Tamon\u00a0(Assistant Professor, University of\u00a0Kyushu, Japan) Dr. Adday Hernandez-Lopez,\u00a0Instituto de Lenguas y Culturas del Mediterr\u00e1neo y Oriente Pr\u00f3ximo, Consejo Superior de Investigaciones Cient\u00edficas (ILC-CSIC) Advisory Committee Geoffrey Khan\u00a0(Faculty of Asian and Middle Eastern Studies, University of\u00a0Cambridge (GB)) Martha M. Mundy\u00a0(The London School of Economics and Political Science, Department<\/p>\n<p><a class=\"read-more\" href=\"https:\/\/www.cdmy.org\/?page_id=194\">Read More<\/a><\/p>\n","protected":false},"author":1,"featured_media":0,"parent":14,"menu_order":0,"comment_status":"closed","ping_status":"closed","template":"","meta":{"footnotes":""},"class_list":["post-194","page","type-page","status-publish","hentry"],"_links":{"self":[{"href":"https:\/\/www.cdmy.org\/index.php?rest_route=\/wp\/v2\/pages\/194","targetHints":{"allow":["GET"]}}],"collection":[{"href":"https:\/\/www.cdmy.org\/index.php?rest_route=\/wp\/v2\/pages"}],"about":[{"href":"https:\/\/www.cdmy.org\/index.php?rest_route=\/wp\/v2\/types\/page"}],"author":[{"embeddable":true,"href":"https:\/\/www.cdmy.org\/index.php?rest_route=\/wp\/v2\/users\/1"}],"replies":[{"embeddable":true,"href":"https:\/\/www.cdmy.org\/index.php?rest_route=%2Fwp%2Fv2%2Fcomments&post=194"}],"version-history":[{"count":13,"href":"https:\/\/www.cdmy.org\/index.php?rest_route=\/wp\/v2\/pages\/194\/revisions"}],"predecessor-version":[{"id":543,"href":"https:\/\/www.cdmy.org\/index.php?rest_route=\/wp\/v2\/pages\/194\/revisions\/543"}],"up":[{"embeddable":true,"href":"https:\/\/www.cdmy.org\/index.php?rest_route=\/wp\/v2\/pages\/14"}],"wp:attachment":[{"href":"https:\/\/www.cdmy.org\/index.php?rest_route=%2Fwp%2Fv2%2Fmedia&parent=194"}],"curies":[{"name":"wp","href":"https:\/\/api.w.org\/{rel}","templated":true}]}}