{"id":33,"date":"2015-06-14T23:05:41","date_gmt":"2015-06-14T21:05:41","guid":{"rendered":"http:\/\/www.cdmy.org\/?page_id=33"},"modified":"2025-11-08T17:47:58","modified_gmt":"2025-11-08T16:47:58","slug":"email","status":"publish","type":"page","link":"https:\/\/www.cdmy.org\/?page_id=33","title":{"rendered":"S&#8217;inscrire \u0627\u0644\u062a\u0633\u062c\u064a\u0644 (\u0627\u0644\u0627\u0646\u0636\u0645\u0627\u0645)"},"content":{"rendered":"<p>Inscrivez-vous sur notre liste e-mail, afin de recevoir les nouvelles et annonces de parution des <em>CmY<\/em> :<br \/>\nJoin our email list to receive news and updates about <em>nCmY<\/em>:<\/p>\n<p style=\"text-align: right;\">: nCmY \u0627\u0634\u062a\u0631\u0643 \u0641\u064a \u0642\u0627\u0626\u0645\u062a\u0646\u0627 \u0627\u0644\u0628\u0631\u064a\u062f\u064a\u0629 \u0644\u062a\u0644\u0642\u064a \u0627\u0644\u0623\u062e\u0628\u0627\u0631 \u0648\u0627\u0644\u0625\u0639\u0644\u0627\u0646\u0627\u062a \u0627\u0644\u062e\u0627\u0635\u0629 \u0628\u0645\u0646\u0634\u0648\u0631\u0627\u062a<br \/>\n<!-- *************************** form ***************************** --><\/p>\n<form action=\"https:\/\/www.cdmy.org\/cgi-bin\/em_form.cgi\" method=\"post\">\n<table class=\"borderless\" align=\"center\">\n<tbody>\n<tr align=\"left\" valign=\"top\">\n<td>Adresse \u00e9lectronique :<br \/>\nEmail address:<\/td>\n<td align=\"right\"><span style=\"color: #ff0000;\">*<\/span><input maxlength=\"50\" name=\"eml\" size=\"38\" type=\"text\" \/><span style=\"color: #ff0000;\">*<\/span><\/td>\n<td>Champ Obligatoire<br \/>\nRequired<\/td>\n<\/tr>\n<tr align=\"left\" valign=\"top\">\n<td height=\"30\">Pr\u00e9nom :<br \/>\nForename:<\/td>\n<td align=\"right\"><span style=\"color: #ff0000;\">*<\/span><input maxlength=\"50\" name=\"gname\" size=\"38\" type=\"text\" \/><span style=\"color: #ff0000;\">*<\/span><\/td>\n<td>Champ Obligatoire<br \/>\nRequired<\/td>\n<\/tr>\n<tr align=\"left\" valign=\"top\">\n<td height=\"30\">Nom :<br \/>\nFamily name:<\/td>\n<td align=\"right\"><span style=\"color: #ff0000;\">*<\/span><input maxlength=\"50\" name=\"fname\" size=\"38\" type=\"text\" \/><span style=\"color: #ff0000;\">*<\/span><\/td>\n<td>Champ Obligatoire<br \/>\nRequired<\/td>\n<\/tr>\n<tr align=\"left\" valign=\"top\">\n<td><\/td>\n<td align=\"center\"><input type=\"submit\" value=\"S\u2019inscrire \/ Subscribe\" \/><\/td>\n<td align=\"left\"><input type=\"reset\" value=\"Annuler \/ Clear\" \/><\/td>\n<\/tr>\n<\/tbody>\n<\/table>\n<p>Les donn\u00e9es personnelles collect\u00e9es par <strong><em>les Nouvelles Chroniques du manuscrit au Y\u00e9men<\/em><\/strong> sont uniquement destin\u00e9es \u00e0 \u00eatre utilis\u00e9es dans la liste de diffusion. En aucun cas ces donn\u00e9es ne seront c\u00e9d\u00e9es ou vendues \u00e0 des tiers. Vous disposez d\u2019un droit d\u2019acc\u00e8s, de modification, de rectification et de suppression des donn\u00e9es qui vous concernent.<br \/>\nVous pouvez exercer ce droit en nous contactant par email:<\/p>\n<p><a href=\"mailto:secr.cmy@gmail.com\" target=\"_blank\" rel=\"noopener noreferrer\">secr.cmy@gmail.com<\/a><\/p>\n<p>The personal data collected by the <strong><em>Nouvelles\u00a0Chroniques du manuscrit au Y\u00e9men<\/em><\/strong> are only held for use in the mailing list. Under no circumstances will this data be sold or lent to third parties. You have the right to access, modify, rectify and delete data which concerns you.<br \/>\nYou can exercise this right by contacting us by email:<\/p>\n<p><a href=\"mailto:secr.cmy@gmail.com\" target=\"_blank\" rel=\"noopener noreferrer\">secr.cmy@gmail.com<\/a><\/p>\n<p style=\"text-align: right;\">\u0627\u0644\u0628\u064a\u0627\u0646\u0627\u062a \u0627\u0644\u0634\u062e\u0635\u064a\u0629 \u0627\u0644\u062a\u064a \u062a\u0645 \u062c\u0645\u0639\u0647\u0627 \u0628\u0648\u0627\u0633\u0637\u0629 <em>\u062d\u0648\u0644\u064a\u0627\u062a \u0645\u062e\u0637\u0648\u0637\u0627\u062a \u0627\u0644\u064a\u0645\u0646 \u0627\u0644\u062c\u062f\u064a\u062f\u0629<\/em> \u0647\u064a \u0641\u0642\u0637 \u0644\u0644\u0627\u0633\u062a\u062e\u062f\u0627\u0645 \u0641\u064a \u0627\u0644\u0642\u0627\u0626\u0645\u0629 \u0627\u0644\u0628\u0631\u064a\u062f\u064a\u0629. \u0644\u0646 \u064a\u062a\u0645 \u0646\u0642\u0644 \u0623\u0648 \u0627\u0644\u062a\u0646\u0627\u0648\u0644 \u0639\u0646 \u0647\u0630\u0647 \u0627\u0644\u0628\u064a\u0627\u0646\u0627\u062a \u0623\u0648 \u0628\u064a\u0639\u0647\u0627 \u0644\u0623\u0637\u0631\u0627\u0641 \u062b\u0627\u0644\u062b \u062a\u062d\u062a \u0623\u064a \u0638\u0631\u0641 \u0645\u0646 \u0627\u0644\u0638\u0631\u0648\u0641. \u0644\u062f\u064a\u0643 \u0627\u0644\u062d\u0642 \u0641\u064a \u0627\u0644\u0648\u0635\u0648\u0644 \u0625\u0644\u0649 \u0627\u0644\u0628\u064a\u0627\u0646\u0627\u062a \u0627\u0644\u0645\u062a\u0639\u0644\u0642\u0629 \u0628\u0643 \u0648\u062a\u0639\u062f\u064a\u0644\u0647\u0627 \u0648\u062a\u0635\u062d\u064a\u062d\u0647\u0627 \u0648\u062d\u0630\u0641\u0647\u0627. \u064a\u0645\u0643\u0646\u0643 \u0645\u0645\u0627\u0631\u0633\u0629 \u0647\u0630\u0627 \u0627\u0644\u062d\u0642 \u0639\u0646 \u0637\u0631\u064a\u0642 \u0627\u0644\u0627\u062a\u0635\u0627\u0644 \u0628\u0646\u0627 \u0639\u0628\u0631 \u0627\u0644\u0628\u0631\u064a\u062f \u0627\u0644\u0625\u0644\u0643\u062a\u0631\u0648\u0646\u064a<br \/>\n<a href=\"mailto:secr.cmy@gmail.com\">secr.cmy@gmail.com<\/a><\/p>\n<p>&nbsp;<\/p>\n<\/form>\n<p><!-- *************************** \/form ***************************** --><\/p>\n","protected":false},"excerpt":{"rendered":"<p>Inscrivez-vous sur notre liste e-mail, afin de recevoir les nouvelles et annonces de parution des CmY : Join our email list to receive news and updates about nCmY: : nCmY \u0627\u0634\u062a\u0631\u0643 \u0641\u064a \u0642\u0627\u0626\u0645\u062a\u0646\u0627 \u0627\u0644\u0628\u0631\u064a\u062f\u064a\u0629 \u0644\u062a\u0644\u0642\u064a \u0627\u0644\u0623\u062e\u0628\u0627\u0631 \u0648\u0627\u0644\u0625\u0639\u0644\u0627\u0646\u0627\u062a \u0627\u0644\u062e\u0627\u0635\u0629 \u0628\u0645\u0646\u0634\u0648\u0631\u0627\u062a Adresse \u00e9lectronique : Email address: ** Champ Obligatoire Required Pr\u00e9nom : Forename: ** Champ Obligatoire Required<\/p>\n<p><a class=\"read-more\" href=\"https:\/\/www.cdmy.org\/?page_id=33\">Read More<\/a><\/p>\n","protected":false},"author":1,"featured_media":0,"parent":0,"menu_order":0,"comment_status":"closed","ping_status":"closed","template":"","meta":{"footnotes":""},"class_list":["post-33","page","type-page","status-publish","hentry"],"_links":{"self":[{"href":"https:\/\/www.cdmy.org\/index.php?rest_route=\/wp\/v2\/pages\/33","targetHints":{"allow":["GET"]}}],"collection":[{"href":"https:\/\/www.cdmy.org\/index.php?rest_route=\/wp\/v2\/pages"}],"about":[{"href":"https:\/\/www.cdmy.org\/index.php?rest_route=\/wp\/v2\/types\/page"}],"author":[{"embeddable":true,"href":"https:\/\/www.cdmy.org\/index.php?rest_route=\/wp\/v2\/users\/1"}],"replies":[{"embeddable":true,"href":"https:\/\/www.cdmy.org\/index.php?rest_route=%2Fwp%2Fv2%2Fcomments&post=33"}],"version-history":[{"count":66,"href":"https:\/\/www.cdmy.org\/index.php?rest_route=\/wp\/v2\/pages\/33\/revisions"}],"predecessor-version":[{"id":1187,"href":"https:\/\/www.cdmy.org\/index.php?rest_route=\/wp\/v2\/pages\/33\/revisions\/1187"}],"wp:attachment":[{"href":"https:\/\/www.cdmy.org\/index.php?rest_route=%2Fwp%2Fv2%2Fmedia&parent=33"}],"curies":[{"name":"wp","href":"https:\/\/api.w.org\/{rel}","templated":true}]}}