{"id":57,"date":"2015-10-07T12:59:01","date_gmt":"2015-10-07T10:59:01","guid":{"rendered":"http:\/\/www.cdmy.org\/?page_id=57"},"modified":"2025-11-09T23:32:13","modified_gmt":"2025-11-09T22:32:13","slug":"about","status":"publish","type":"page","link":"https:\/\/www.cdmy.org\/?page_id=57","title":{"rendered":"About"},"content":{"rendered":"<h5>[<a href=\"https:\/\/www.cdmy.org\/?page_id=14\">fran\u00e7ais<\/a>][<a href=\"https:\/\/www.cdmy.org\/?page_id=891\">\u0627\u0644\u0639\u0631\u0628\u064a\u0629<\/a>]<\/h5>\n<h3>History<\/h3>\n<p>The <strong><em>Chroniques du manuscrit au Y\u00e9men<\/em><\/strong> (<em>CmY<\/em>), an independent review born on Yemenite soil, was created at the end of 2005 by Anne Regourd.<\/p>\n<p>In 2015, it became <strong><em>Chroniques du manuscrit au Y\u00e9men<\/em> Nouvelles s\u00e9ries<\/strong> (<em>CmY<\/em> Nouvelles s\u00e9ries), a peer-reviewed, double-blind external review journal.<\/p>\n<p style=\"padding-left: 40px;\">It is the organ of the association Chronique du manuscrit au Y\u00e9men, constituted according to the law of 1901, No. W751230933.<\/p>\n<p>In 2020, the <em><strong>Nouvelles Chroniques du manuscrit au Y\u00e9men<\/strong><\/em> (<em>nCmY<\/em>) was created within the same legal framework.<\/p>\n<p>ISSN 2727-5221<\/p>\n<h4>Support from scientific institution<\/h4>\n<p>Since 2015\u00a0: Genizah Research Unit, University of Cambridge.<\/p>\n<h4>Access to issues<\/h4>\n<p><em><strong>CmY<\/strong><\/em> 1-18\/2006-2014, as html at <a href=\"https:\/\/journals.openedition.org\/cmy\/?lang=en\">https:\/\/cmy.revues.org<\/a><br \/>\n<em><strong>CmY<\/strong><\/em> New series 0\/19-9\/28, 2015-2019, as PDF at<a href=\"https:\/\/www.cdmy.org\/?page_id=16\"> https:\/\/www.cdmy.org\/<\/a><br \/>\n<em><strong>nCmY<\/strong><\/em>, 2020- 10\/29 (January 2020), as PDF at <a href=\"https:\/\/www.cdmy.org\/?page_id=16\">https:\/\/www.cdmy.org\/<\/a><\/p>\n<h4>Organigramme<\/h4>\n<p>Director of the Publication: <strong>Anne Regourd<\/strong> (CNRS, UMR 7192)<br \/>\nSecretary: <strong>Sami Lagati<\/strong><\/p>\n<p style=\"padding-left: 40px;\">Contact \/ Secretariat: <strong><a href=\"mailto:secr.cmy@gmail.com\">secr.cmy@gmail.com<\/a><\/strong><\/p>\n<h4>Committee &amp; Correspondents<\/h4>\n<p style=\"padding-left: 40px;\"><a href=\"https:\/\/www.cdmy.org\/?page_id=194\"><strong>click here<\/strong><\/a><\/p>\n<p>Website and online publishing: <strong>Peter Nix<\/strong>, <a href=\"mailto:webmaster@cdmy.org\">webmaster@cdmy.org<\/a><br \/>\nTypesetter: <strong>Eug\u00e9nie de Marsay<\/strong><\/p>\n<h4>Editorial process &amp; style sheet<\/h4>\n<p>The editorial process, from submission of an article to its publication, is described in the style sheet.<\/p>\n<p>Feuille de style (fran\u00e7ais)\u00a0<a href=\"https:\/\/www.cdmy.org\/docs\/NS_CmY_StyleSheet.pdf\">.pdf<\/a><br \/>\nStyle sheet (anglais) \u00a0\u00a0<a href=\"https:\/\/www.cdmy.org\/docs\/NS_CmY_StyleSheet.pdf\">.pdf<\/a><br \/>\n\u062a\u0639\u0644\u064a\u0645\u0627\u062a \u0627\u0644\u0646\u0634\u0631 \u0644\u0644\u0645\u0642\u0627\u0644\u0627\u062a (arabe)\u00a0<a href=\"https:\/\/www.cdmy.org\/docs\/NS_CmY_FeuilleDeStyle_ARABE.pdf\">.pdf<\/a><\/p>\n<p>The opinions expressed in the articles of the journal are the sole responsibility of their author(s).<br \/>\nAny representation or reproduction, in whole or in part, made without the consent of the author, or his successors or assigns, is unlawful; the same applies to the translation, adaptation or transformation, arrangement or reproduction, by any art or process whatsoever (Law No. 92-597 of 1 July 1992, Article L. 122-4).\u00a0Any form of representation or reproduction would therefore constitute an infringement of copyright, an offence punishable under Article 425 et seq. of the French Penal code.\u00a0Law no. 92-597 of 1 July 1992 only authorises, under the terms of paragraphs 2, 3.a-b, 4 of article L. 122-4, copies or reproductions strictly reserved for the private use of the copier and not intended for collective use, on the one hand, and, on the other hand, provided that the name of the author and the source are clearly indicated, analyses and short quotations for the purpose of example and illustration, press reviews, and finally, parody, pastiche and caricature, observing the rules of the genre.<br \/>\n2021<\/p>\n","protected":false},"excerpt":{"rendered":"<p>[fran\u00e7ais][\u0627\u0644\u0639\u0631\u0628\u064a\u0629] History The Chroniques du manuscrit au Y\u00e9men (CmY), an independent review born on Yemenite soil, was created at the end of 2005 by Anne Regourd. In 2015, it became Chroniques du manuscrit au Y\u00e9men Nouvelles s\u00e9ries (CmY Nouvelles s\u00e9ries), a peer-reviewed, double-blind external review journal. It is the organ of the association Chronique du<\/p>\n<p><a class=\"read-more\" href=\"https:\/\/www.cdmy.org\/?page_id=57\">Read More<\/a><\/p>\n","protected":false},"author":1,"featured_media":0,"parent":14,"menu_order":0,"comment_status":"closed","ping_status":"closed","template":"","meta":{"footnotes":""},"class_list":["post-57","page","type-page","status-publish","hentry"],"_links":{"self":[{"href":"https:\/\/www.cdmy.org\/index.php?rest_route=\/wp\/v2\/pages\/57","targetHints":{"allow":["GET"]}}],"collection":[{"href":"https:\/\/www.cdmy.org\/index.php?rest_route=\/wp\/v2\/pages"}],"about":[{"href":"https:\/\/www.cdmy.org\/index.php?rest_route=\/wp\/v2\/types\/page"}],"author":[{"embeddable":true,"href":"https:\/\/www.cdmy.org\/index.php?rest_route=\/wp\/v2\/users\/1"}],"replies":[{"embeddable":true,"href":"https:\/\/www.cdmy.org\/index.php?rest_route=%2Fwp%2Fv2%2Fcomments&post=57"}],"version-history":[{"count":32,"href":"https:\/\/www.cdmy.org\/index.php?rest_route=\/wp\/v2\/pages\/57\/revisions"}],"predecessor-version":[{"id":1189,"href":"https:\/\/www.cdmy.org\/index.php?rest_route=\/wp\/v2\/pages\/57\/revisions\/1189"}],"up":[{"embeddable":true,"href":"https:\/\/www.cdmy.org\/index.php?rest_route=\/wp\/v2\/pages\/14"}],"wp:attachment":[{"href":"https:\/\/www.cdmy.org\/index.php?rest_route=%2Fwp%2Fv2%2Fmedia&parent=57"}],"curies":[{"name":"wp","href":"https:\/\/api.w.org\/{rel}","templated":true}]}}